{"id":12,"date":"2011-02-19T16:09:44","date_gmt":"2011-02-19T15:09:44","guid":{"rendered":"http:\/\/wp10607295.wp262.webpack.hosteurope.de\/wp\/?page_id=12"},"modified":"2024-09-26T09:06:32","modified_gmt":"2024-09-26T08:06:32","slug":"wohnungen-zimmer","status":"publish","type":"page","link":"http:\/\/www.hallo-felix.de\/wp\/?page_id=12","title":{"rendered":"Wohnungen u. Zimmer"},"content":{"rendered":"<p><a href=\"http:\/\/www.hallo-felix.de\/wp\/?attachment_id=2345\" rel=\"attachment wp-att-2345\"><img loading=\"lazy\" decoding=\"async\" class=\"alignright wp-image-2345\" src=\"http:\/\/www.hallo-felix.de\/wp\/wp-content\/uploads\/2019\/05\/WZ-1-300x169.png\" alt=\"\" width=\"342\" height=\"192\" srcset=\"http:\/\/www.hallo-felix.de\/wp\/wp-content\/uploads\/2019\/05\/WZ-1-300x169.png 300w, http:\/\/www.hallo-felix.de\/wp\/wp-content\/uploads\/2019\/05\/WZ-1-768x432.png 768w, http:\/\/www.hallo-felix.de\/wp\/wp-content\/uploads\/2019\/05\/WZ-1-1024x576.png 1024w, http:\/\/www.hallo-felix.de\/wp\/wp-content\/uploads\/2019\/05\/WZ-1.png 1280w\" sizes=\"auto, (max-width: 342px) 100vw, 342px\" \/><\/a><\/p>\n<p style=\"text-align: center;\">Ganz gleich ob Sie nur zu zweit, mit der Familie oder mit Freunden anreisen! Im <em><strong>Haus FELIX<\/strong><\/em> gibt es die passende Unterkunft f\u00fcr Sie, in der Sie sich wohlf\u00fchlen k\u00f6nnen!<\/p>\n<p><a href=\"http:\/\/www.hallo-felix.de\/wp\/?attachment_id=2425\" rel=\"attachment wp-att-2425\"><img loading=\"lazy\" decoding=\"async\" class=\"alignleft wp-image-2425 \" src=\"http:\/\/www.hallo-felix.de\/wp\/wp-content\/uploads\/2019\/05\/SZ-1-1-300x169.png\" alt=\"\" width=\"238\" height=\"134\" srcset=\"http:\/\/www.hallo-felix.de\/wp\/wp-content\/uploads\/2019\/05\/SZ-1-1-300x169.png 300w, http:\/\/www.hallo-felix.de\/wp\/wp-content\/uploads\/2019\/05\/SZ-1-1-768x432.png 768w, http:\/\/www.hallo-felix.de\/wp\/wp-content\/uploads\/2019\/05\/SZ-1-1-1024x576.png 1024w, http:\/\/www.hallo-felix.de\/wp\/wp-content\/uploads\/2019\/05\/SZ-1-1.png 1280w\" sizes=\"auto, (max-width: 238px) 100vw, 238px\" \/><\/a><\/p>\n<p style=\"padding-left: 80px; text-align: center;\">Die <strong>Zimmer <\/strong>und <strong>Ferienwohnungen<\/strong> sind so konzipiert und ausgestattet, dass Sie w\u00e4hlen k\u00f6nnen zwischen <strong>Zweibettzimmern (mit zwei getrennten Betten) oder Doppelzimmern <\/strong>sowie zwischen <strong>eigenem Bad oder Etagenbad. <\/strong>Die <strong>Ferienwohnungen <\/strong>besitzen neben <strong>K\u00fcche<\/strong> und <strong>Wohnzimmer<\/strong> noch <strong>ein oder zwei Schlafzimmer<\/strong>.<\/p>\n<p><a href=\"http:\/\/www.hallo-felix.de\/wp\/?attachment_id=727\" rel=\"attachment wp-att-727\"><img loading=\"lazy\" decoding=\"async\" class=\"alignleft wp-image-727\" src=\"http:\/\/www.hallo-felix.de\/wp\/wp-content\/uploads\/2012\/08\/Bett6-300x225-640-300x225.jpg\" alt=\"\" width=\"241\" height=\"181\" srcset=\"http:\/\/www.hallo-felix.de\/wp\/wp-content\/uploads\/2012\/08\/Bett6-300x225-640-300x225.jpg 300w, http:\/\/www.hallo-felix.de\/wp\/wp-content\/uploads\/2012\/08\/Bett6-300x225-640.jpg 640w\" sizes=\"auto, (max-width: 241px) 100vw, 241px\" \/><\/a><a href=\"http:\/\/www.hallo-felix.de\/wp\/?attachment_id=2346\" rel=\"attachment wp-att-2346\"><img loading=\"lazy\" decoding=\"async\" class=\" wp-image-2346 alignright\" src=\"http:\/\/www.hallo-felix.de\/wp\/wp-content\/uploads\/2019\/05\/SZ-2-300x169.png\" alt=\"\" width=\"319\" height=\"180\" srcset=\"http:\/\/www.hallo-felix.de\/wp\/wp-content\/uploads\/2019\/05\/SZ-2-300x169.png 300w, http:\/\/www.hallo-felix.de\/wp\/wp-content\/uploads\/2019\/05\/SZ-2-768x432.png 768w, http:\/\/www.hallo-felix.de\/wp\/wp-content\/uploads\/2019\/05\/SZ-2-1024x576.png 1024w, http:\/\/www.hallo-felix.de\/wp\/wp-content\/uploads\/2019\/05\/SZ-2.png 1280w\" sizes=\"auto, (max-width: 319px) 100vw, 319px\" \/><\/a><\/p>\n<p><a href=\"http:\/\/www.hallo-felix.de\/wp\/?attachment_id=2353\" rel=\"attachment wp-att-2353\"><img loading=\"lazy\" decoding=\"async\" class=\"size-medium wp-image-2353 alignright\" src=\"http:\/\/www.hallo-felix.de\/wp\/wp-content\/uploads\/2019\/05\/238-300x169.png\" alt=\"\" width=\"300\" height=\"169\" srcset=\"http:\/\/www.hallo-felix.de\/wp\/wp-content\/uploads\/2019\/05\/238-300x169.png 300w, http:\/\/www.hallo-felix.de\/wp\/wp-content\/uploads\/2019\/05\/238-768x432.png 768w, http:\/\/www.hallo-felix.de\/wp\/wp-content\/uploads\/2019\/05\/238-1024x576.png 1024w, http:\/\/www.hallo-felix.de\/wp\/wp-content\/uploads\/2019\/05\/238.png 1280w\" sizes=\"auto, (max-width: 300px) 100vw, 300px\" \/><\/a><\/p>\n<p style=\"text-align: center;\">Unsere <strong>K\u00fcchen<\/strong> sind <strong>komplett ausgestattet<\/strong> mit K\u00fchlschrank, Herd, Mikrowelle, Kaffeemaschine, Wasserkocher, Toaster und Geschirr.<!--more--><a href=\"http:\/\/www.hallo-felix.de\/wp\/?attachment_id=2359\" rel=\"attachment wp-att-2359\"><img loading=\"lazy\" decoding=\"async\" class=\" wp-image-2359 alignleft\" src=\"http:\/\/www.hallo-felix.de\/wp\/wp-content\/uploads\/2019\/05\/CIMG1058-300x225.jpg\" alt=\"\" width=\"229\" height=\"172\" srcset=\"http:\/\/www.hallo-felix.de\/wp\/wp-content\/uploads\/2019\/05\/CIMG1058-300x225.jpg 300w, http:\/\/www.hallo-felix.de\/wp\/wp-content\/uploads\/2019\/05\/CIMG1058-768x576.jpg 768w, http:\/\/www.hallo-felix.de\/wp\/wp-content\/uploads\/2019\/05\/CIMG1058-1024x768.jpg 1024w, http:\/\/www.hallo-felix.de\/wp\/wp-content\/uploads\/2019\/05\/CIMG1058.jpg 1600w\" sizes=\"auto, (max-width: 229px) 100vw, 229px\" \/><\/a><\/p>\n<p style=\"text-align: center;\">In den<strong> gro\u00dfz\u00fcgigen hell und modern eingerichteten R\u00e4umen <\/strong>k\u00f6nnen Sie Ihren Urlaub genie\u00dfen, die n\u00e4chsten Ausfl\u00fcge planen oder sich einfach nach einem Arbeitstag erholen.<\/p>\n<p><a href=\"http:\/\/www.hallo-felix.de\/wp\/?attachment_id=2423\" rel=\"attachment wp-att-2423\"><img loading=\"lazy\" decoding=\"async\" class=\" wp-image-2423 alignright\" src=\"http:\/\/www.hallo-felix.de\/wp\/wp-content\/uploads\/2019\/05\/21-300x225.jpg\" alt=\"\" width=\"241\" height=\"181\" srcset=\"http:\/\/www.hallo-felix.de\/wp\/wp-content\/uploads\/2019\/05\/21-300x225.jpg 300w, http:\/\/www.hallo-felix.de\/wp\/wp-content\/uploads\/2019\/05\/21-768x576.jpg 768w, http:\/\/www.hallo-felix.de\/wp\/wp-content\/uploads\/2019\/05\/21-1024x768.jpg 1024w, http:\/\/www.hallo-felix.de\/wp\/wp-content\/uploads\/2019\/05\/21.jpg 1600w\" sizes=\"auto, (max-width: 241px) 100vw, 241px\" \/><\/a><\/p>\n<p style=\"text-align: center;\"><!-- @page { margin: 2cm } P { margin-bottom: 0.21cm } -->Eine der Ferienwohnungen l\u00e4dt mit einem <strong>Wintergarten<\/strong> zum relaxen ein. Gesch\u00fctzt vor K\u00e4lte, Regen und Wind k\u00f6nnen Sie hier die <strong>Balkonatmosph\u00e4re bei jedem Wetter<\/strong> genie\u00dfen.<\/p>\n<p><a href=\"http:\/\/www.hallo-felix.de\/wp\/?attachment_id=2352\" rel=\"attachment wp-att-2352\"><img loading=\"lazy\" decoding=\"async\" class=\"size-medium wp-image-2352 alignleft\" src=\"http:\/\/www.hallo-felix.de\/wp\/wp-content\/uploads\/2019\/05\/237-300x169.png\" alt=\"\" width=\"300\" height=\"169\" srcset=\"http:\/\/www.hallo-felix.de\/wp\/wp-content\/uploads\/2019\/05\/237-300x169.png 300w, http:\/\/www.hallo-felix.de\/wp\/wp-content\/uploads\/2019\/05\/237-768x432.png 768w, http:\/\/www.hallo-felix.de\/wp\/wp-content\/uploads\/2019\/05\/237-1024x576.png 1024w, http:\/\/www.hallo-felix.de\/wp\/wp-content\/uploads\/2019\/05\/237.png 1280w\" sizes=\"auto, (max-width: 300px) 100vw, 300px\" \/><\/a><\/p>\n<p>In unserer <a title=\"Fotogalerie Haus FELIX\" href=\"http:\/\/www.hallo-felix.de\/wp\/?page_id=2623\"><strong>Fotogalerie<\/strong>\u00a0<\/a> zeigen wir Ihnen noch weitere Aufnahmen aus unserem Haus FELIX !<\/p>\n<p><a href=\"http:\/\/www.hallo-felix.de\/wp\/?attachment_id=2644\" rel=\"attachment wp-att-2644\"><img loading=\"lazy\" decoding=\"async\" class=\"aligncenter size-medium wp-image-2644\" src=\"http:\/\/www.hallo-felix.de\/wp\/wp-content\/uploads\/2024\/09\/DSC00393-300x225.jpg\" alt=\"\" width=\"300\" height=\"225\" srcset=\"http:\/\/www.hallo-felix.de\/wp\/wp-content\/uploads\/2024\/09\/DSC00393-300x225.jpg 300w, http:\/\/www.hallo-felix.de\/wp\/wp-content\/uploads\/2024\/09\/DSC00393-1024x768.jpg 1024w, http:\/\/www.hallo-felix.de\/wp\/wp-content\/uploads\/2024\/09\/DSC00393-768x576.jpg 768w, http:\/\/www.hallo-felix.de\/wp\/wp-content\/uploads\/2024\/09\/DSC00393-1536x1152.jpg 1536w, http:\/\/www.hallo-felix.de\/wp\/wp-content\/uploads\/2024\/09\/DSC00393-2048x1536.jpg 2048w, http:\/\/www.hallo-felix.de\/wp\/wp-content\/uploads\/2024\/09\/DSC00393-467x350.jpg 467w, http:\/\/www.hallo-felix.de\/wp\/wp-content\/uploads\/2024\/09\/DSC00393-150x113.jpg 150w\" sizes=\"auto, (max-width: 300px) 100vw, 300px\" \/><\/a><\/p>\n<h6>Copyright \u00a9 Mai 2019 by Stella<\/h6>\n<p style=\"text-align: center;\"><strong>&#8212;&#8212;&#8212;&#8212;&#8212;&#8212;&#8212;&#8212;&#8212;&#8212;&#8212;&#8212;&#8212;&#8212;&#8212;&#8212;&#8212;&#8212;&#8212;&#8212;&#8212;&#8212;&#8212;&#8212;&#8212;&#8212;&#8212;&#8212;&#8212;<\/strong><\/p>\n<p style=\"text-align: center;\"><strong>Haus Felix<\/strong><strong><br \/>\n<\/strong>Ferienwohnungen &#8211; G\u00e4stezimmer<br \/>\nHartensteiner Str. 62, 09376 Oelsnitz\/Erzgeb. OT Neuw\u00fcrschnitz<br \/>\n<span style=\"text-decoration: underline;\">Tel:<\/span> <strong>0151 &#8211; 211 40531 \u00a0\u00a0 \/ <\/strong><span style=\"text-decoration: underline;\">E-Mail:<\/span> <strong>info@hallo-felix.de<br \/>\n<\/strong>Ihr Ansprechpartner: Birgit Richter<\/p>\n<p style=\"text-align: center;\"><span id=\"result_box\" class=\"short_text\" lang=\"sk\"><span class=\"\">Rooms for mechanics! &#8211; Dla monter\u00f3w: pokoje i apartamenty!\u00a0 &#8211; Pro mont\u00e9ry: pokoje a apartm\u00e1ny! &#8211; Pre mont\u00e9rov: izby a byty!<\/span><\/span><\/p>\n","protected":false},"excerpt":{"rendered":"<p>Ganz gleich ob Sie nur zu zweit, mit der Familie oder mit Freunden anreisen! Im Haus FELIX gibt es die passende Unterkunft f\u00fcr Sie, in der Sie sich wohlf\u00fchlen k\u00f6nnen! Die Zimmer und Ferienwohnungen sind so konzipiert und ausgestattet, dass Sie w\u00e4hlen k\u00f6nnen zwischen Zweibettzimmern (mit zwei getrennten Betten) oder &#8230; <a class=\"continue-reading-link\" href=\"http:\/\/www.hallo-felix.de\/wp\/?page_id=12\"> Continue reading<\/a><\/p>\n","protected":false},"author":2,"featured_media":0,"parent":275,"menu_order":1,"comment_status":"closed","ping_status":"open","template":"","meta":{"footnotes":""},"class_list":["post-12","page","type-page","status-publish","hentry"],"_links":{"self":[{"href":"http:\/\/www.hallo-felix.de\/wp\/index.php?rest_route=\/wp\/v2\/pages\/12","targetHints":{"allow":["GET"]}}],"collection":[{"href":"http:\/\/www.hallo-felix.de\/wp\/index.php?rest_route=\/wp\/v2\/pages"}],"about":[{"href":"http:\/\/www.hallo-felix.de\/wp\/index.php?rest_route=\/wp\/v2\/types\/page"}],"author":[{"embeddable":true,"href":"http:\/\/www.hallo-felix.de\/wp\/index.php?rest_route=\/wp\/v2\/users\/2"}],"replies":[{"embeddable":true,"href":"http:\/\/www.hallo-felix.de\/wp\/index.php?rest_route=%2Fwp%2Fv2%2Fcomments&post=12"}],"version-history":[{"count":47,"href":"http:\/\/www.hallo-felix.de\/wp\/index.php?rest_route=\/wp\/v2\/pages\/12\/revisions"}],"predecessor-version":[{"id":2647,"href":"http:\/\/www.hallo-felix.de\/wp\/index.php?rest_route=\/wp\/v2\/pages\/12\/revisions\/2647"}],"up":[{"embeddable":true,"href":"http:\/\/www.hallo-felix.de\/wp\/index.php?rest_route=\/wp\/v2\/pages\/275"}],"wp:attachment":[{"href":"http:\/\/www.hallo-felix.de\/wp\/index.php?rest_route=%2Fwp%2Fv2%2Fmedia&parent=12"}],"curies":[{"name":"wp","href":"https:\/\/api.w.org\/{rel}","templated":true}]}}