{"id":2,"date":"2010-07-06T10:23:24","date_gmt":"2010-07-06T09:23:24","guid":{"rendered":"http:\/\/wp10607295.wp262.webpack.hosteurope.de\/wp\/?page_id=2"},"modified":"2020-03-01T10:48:38","modified_gmt":"2020-03-01T09:48:38","slug":"about","status":"publish","type":"page","link":"http:\/\/www.hallo-felix.de\/wp\/?page_id=2","title":{"rendered":"\u00dcber uns"},"content":{"rendered":"<p><!-- @page { margin: 2cm } P { margin-bottom: 0.21cm } --><em><span style=\"text-decoration: underline;\"><strong><a href=\"http:\/\/www.hallo-felix.de\/wp\/wp-content\/uploads\/2010\/07\/IMG_0975.jpg\"><img loading=\"lazy\" decoding=\"async\" class=\"alignleft size-thumbnail wp-image-184\" title=\"IMG_0975\" src=\"http:\/\/www.hallo-felix.de\/wp\/wp-content\/uploads\/2010\/07\/IMG_0975-150x150.jpg\" alt=\"\" width=\"150\" height=\"150\"><\/a><\/strong><\/span><\/em><span style=\"text-decoration: underline;\"><strong>Geschichte<\/strong><\/span><\/p>\n<p>Seit 1930 ist das <strong><em>Haus Felix<\/em> <\/strong>in Familienbesitz. Sein Name geht auf den Vornamen des fr\u00fcheren Eigent\u00fcmers &#8218;<em>Felix Ahnert&#8216; <\/em>zur\u00fcck, der schon damals im Erdgeschoss des Wohn- und Gesch\u00e4ftshauses ein Kolonialwarengesch\u00e4ft betrieb. Anfang der 60er Jahre \u00fcbernahm sein Sohn &#8218;<em>Roland Ahnert<\/em>&#8218; die Firma und legte den Schwerpunkt vor allem auf Waren, die in der damaligen DDR nur schwer erh\u00e4ltlich waren wie Farben, Holzschutzmittel, Polyesterharz f\u00fcr den Modellbau, Waschbenzin und vieles mehr. Als \u201e<em>Drogerie Felix Ahnert<\/em>\u201c wurde das Gesch\u00e4ft jetzt weit \u00fcber die Region hinaus bekannt. Nach der Wiedervereinigung Deutschlands hat sich die Nutzung des Hauses erneut ge\u00e4ndert. Die Nachkommen des fr\u00fcheren Eigent\u00fcmers werden jedoch bis heute von Freunden, Bekannten und oft auch Unbekannten \u201e<em>Felix<\/em>\u201c genannt.<\/p>\n<p><em><span style=\"text-decoration: underline;\"><strong><a href=\"http:\/\/www.hallo-felix.de\/wp\/wp-content\/uploads\/2010\/07\/Hausfront-Test3-1.jpg\"><img loading=\"lazy\" decoding=\"async\" class=\"alignleft size-thumbnail wp-image-185\" title=\"Hausfront-Test3-1\" src=\"http:\/\/www.hallo-felix.de\/wp\/wp-content\/uploads\/2010\/07\/Hausfront-Test3-1-150x150.jpg\" alt=\"\" width=\"150\" height=\"150\"><\/a><\/strong><\/span><\/em><span style=\"text-decoration: underline;\"><strong>Heute<\/strong><\/span><\/p>\n<p>Heute befinden sich in unserem Haus helle und ger\u00e4umige <strong>Ferienwohnungen <\/strong>und <strong>G\u00e4stezimmer<\/strong>. Wenn Sie sich beruflich nur eine befristete Zeit in der Region aufhalten, bieten wir Ihnen als Privatvermieter eine bequeme und g\u00fcnstigere Alternative zum Hotel.<\/p>\n<p>Die ehemaligen Gesch\u00e4ftsr\u00e4ume im Erdgeschoss von <em><strong>Haus Felix<\/strong><\/em> beherbergen heute eine gro\u00dfe Gemeinschaftsk\u00fcche und einen Aufenthaltsraum mit Tischen, St\u00fchlen, Polsterecke und Fernseher. Hier k\u00f6nnen sich die G\u00e4ste unseres Hauses in ungezwungener Atmosph\u00e4re kennenlernen, das wohlverdiente Bier nach einem anstrengenden Arbeitstag genie\u00dfen, gemeinsam feiern oder bei der \u00dcbertragung von Sportevents vor dem Fernseher mitfiebern. Gruppen haben die M\u00f6glichkeit, den Tag gemeinsam ausklingen zu lassen.<\/p>\n<p><span style=\"text-decoration: underline;\"><strong>Philosophie<\/strong><\/span><\/p>\n<p>Wir m\u00f6chten die Tradition des Hauses fortf\u00fchren, indem die Zufriedenheit unserer G\u00e4ste f\u00fcr uns genau so an vorderster Stelle steht, wie unseren Vorfahren zufriedene Kunden besonders wichtig waren. Deshalb w\u00fcnschen wir uns, dass Sie sich im <strong><em>Haus Felix<\/em><\/strong> rundum wohlf\u00fchlen und sich immer gerne an Ihren Aufenthalt erinnern.<\/p>\n<p>Wenden Sie sich mit Ihren W\u00fcnschen vertrauensvoll an uns. Wir freuen uns auf Sie!<\/p>\n<p>Ihr Team vom <em>Haus Felix<\/em><\/p>\n<h6>Copyright \u00a9 November 2011 by Stella<\/h6>\n<p style=\"text-align: center;\"><strong>&#8212;&#8212;&#8212;&#8212;&#8212;&#8212;&#8212;&#8212;&#8212;&#8212;&#8212;&#8212;&#8212;&#8212;&#8212;&#8212;&#8212;&#8212;&#8212;&#8212;&#8212;&#8212;&#8212;&#8212;&#8212;&#8212;&#8212;&#8212;&#8212;<\/strong><\/p>\n<p style=\"text-align: center;\"><strong>Haus Felix<\/strong><strong><br \/>\n<\/strong>Ferienwohnungen &#8211; G\u00e4stezimmer<br \/>\nHartensteiner Str. 62, 09376 Oelsnitz\/Erzgeb. OT Neuw\u00fcrschnitz<br \/>\n<span style=\"text-decoration: underline;\">Tel:<\/span> <strong>0151 &#8211; 211 40531 &nbsp;&nbsp; \/ <\/strong><span style=\"text-decoration: underline;\">E-Mail:<\/span> <strong>info@hallo-felix.de<br \/>\n<\/strong>Ihr Ansprechpartner: Birgit Richter<\/p>\n<p style=\"text-align: center;\"><span id=\"result_box\" class=\"short_text\" lang=\"sk\"><span class=\"\">Rooms for mechanics! &#8211; Dla monter\u00f3w: pokoje i apartamenty!&nbsp; &#8211; Pro mont\u00e9ry: pokoje a apartm\u00e1ny! &#8211; Pre mont\u00e9rov: izby a byty!<\/span><\/span><\/p>\n<p style=\"text-align: center;\">\n","protected":false},"excerpt":{"rendered":"<p>Geschichte Seit 1930 ist das Haus Felix in Familienbesitz. Sein Name geht auf den Vornamen des fr\u00fcheren Eigent\u00fcmers &#8218;Felix Ahnert&#8216; zur\u00fcck, der schon damals im Erdgeschoss des Wohn- und Gesch\u00e4ftshauses ein Kolonialwarengesch\u00e4ft betrieb. Anfang der 60er Jahre \u00fcbernahm sein Sohn &#8218;Roland Ahnert&#8218; die Firma und legte den Schwerpunkt vor allem &#8230; <a class=\"continue-reading-link\" href=\"http:\/\/www.hallo-felix.de\/wp\/?page_id=2\"> Continue reading<\/a><\/p>\n","protected":false},"author":1,"featured_media":0,"parent":0,"menu_order":6,"comment_status":"closed","ping_status":"closed","template":"","meta":{"footnotes":""},"class_list":["post-2","page","type-page","status-publish","hentry"],"_links":{"self":[{"href":"http:\/\/www.hallo-felix.de\/wp\/index.php?rest_route=\/wp\/v2\/pages\/2","targetHints":{"allow":["GET"]}}],"collection":[{"href":"http:\/\/www.hallo-felix.de\/wp\/index.php?rest_route=\/wp\/v2\/pages"}],"about":[{"href":"http:\/\/www.hallo-felix.de\/wp\/index.php?rest_route=\/wp\/v2\/types\/page"}],"author":[{"embeddable":true,"href":"http:\/\/www.hallo-felix.de\/wp\/index.php?rest_route=\/wp\/v2\/users\/1"}],"replies":[{"embeddable":true,"href":"http:\/\/www.hallo-felix.de\/wp\/index.php?rest_route=%2Fwp%2Fv2%2Fcomments&post=2"}],"version-history":[{"count":29,"href":"http:\/\/www.hallo-felix.de\/wp\/index.php?rest_route=\/wp\/v2\/pages\/2\/revisions"}],"predecessor-version":[{"id":2419,"href":"http:\/\/www.hallo-felix.de\/wp\/index.php?rest_route=\/wp\/v2\/pages\/2\/revisions\/2419"}],"wp:attachment":[{"href":"http:\/\/www.hallo-felix.de\/wp\/index.php?rest_route=%2Fwp%2Fv2%2Fmedia&parent=2"}],"curies":[{"name":"wp","href":"https:\/\/api.w.org\/{rel}","templated":true}]}}