{"id":314,"date":"2011-12-25T09:00:05","date_gmt":"2011-12-25T08:00:05","guid":{"rendered":"http:\/\/www.hallo-felix.de\/wp\/?page_id=314"},"modified":"2020-03-01T10:49:55","modified_gmt":"2020-03-01T09:49:55","slug":"ausfluge","status":"publish","type":"page","link":"http:\/\/www.hallo-felix.de\/wp\/?page_id=314","title":{"rendered":"Ausfl\u00fcge"},"content":{"rendered":"<p>Eine Auswahl an Veranstaltungsterminen finden Sie demn\u00e4chst<strong> <a title=\"Termine\" href=\"http:\/\/www.hallo-felix.de\/wp\/?page_id=335\">\u00bb\u00bb hier<\/a><\/strong><br \/>\nunsere <strong>Ausflugstipps Teil\u00a0 1<\/strong><strong> <strong><a title=\"Ausflugstipps1\" href=\"http:\/\/www.hallo-felix.de\/wp\/?p=222\">\u00bb\u00bb hier<\/a><\/strong><br \/>\n<\/strong>mehr zum<strong> Weihnachtsland Erzgebirge <strong><a title=\"Weihnachtsland\" href=\"http:\/\/www.hallo-felix.de\/wp\/?page_id=202\">\u00bb\u00bb hier<\/a><\/strong><br \/>\n<\/strong><\/p>\n<p><a href=\"http:\/\/www.hallo-felix.de\/wp\/wp-content\/uploads\/2011\/12\/CIMG1101-6402.jpg\"><img loading=\"lazy\" decoding=\"async\" class=\"alignleft size-medium wp-image-772\" title=\"CIMG1101-640\" src=\"http:\/\/www.hallo-felix.de\/wp\/wp-content\/uploads\/2011\/12\/CIMG1101-6402-300x225.jpg\" alt=\"\" width=\"300\" height=\"225\" \/><\/a>Von <em><strong>Haus Felix<\/strong><\/em> aus sind eine Vielzahl sehenswerter <strong>Ausflugsziele sehr gut zu erreichen<\/strong>. In den <strong>Unterseiten der Rubrik \u201eAusfl\u00fcge\u201c<\/strong> und auf dem <strong>Blog unserer Startseite<\/strong> m\u00f6chten wir Ihnen deshalb in regelm\u00e4\u00dfigen Abst\u00e4nden <strong>Ausflugsziele vorstellen<\/strong> und Anregungen f\u00fcr Ihren Aufenthalt in der Region geben.<\/p>\n<h2>Was gibt es Interessantes und Sehenswertes in unserer Region?<\/h2>\n<p>Das Erzgebirge und Erzgebirgsvorland bietet seinen Besuchern vielf\u00e4ltige M\u00f6glichkeiten f\u00fcr Unternehmungen. Nahezu f\u00fcr jeden ist etwas dabei:<\/p>\n<ul>\n<li><strong>Wanderwege, <\/strong><\/li>\n<li><strong>Skigebiete und Wintersport-Events, <\/strong><\/li>\n<li><strong>Badeseen, Freizeit- und Kurb\u00e4der,<\/strong><\/li>\n<li><strong>Burgen und Schl\u00f6sser, <\/strong><\/li>\n<li><strong>Felsen und H\u00f6hlen, <\/strong><\/li>\n<li><strong>St\u00e4tten der Industriekultur <\/strong>vom historischen Hammerwerk oder der Knochenstampfe bis zum Schaubergwerk,<\/li>\n<li><strong>Museen, <\/strong><\/li>\n<li><strong>Kirchen, <\/strong><\/li>\n<li><strong>traditionelle Volkskunst, <\/strong><\/li>\n<li><strong>kulturelle Veranstaltungen und Volksfeste, <\/strong><\/li>\n<li><strong>zahlreiche Motorsport-Events<\/strong> und vieles mehr.<\/li>\n<\/ul>\n<p>Wenn Sie auf den Folgeseiten die ein oder andere Anregung f\u00fcr Ihren Aufenthalt in der Region finden, w\u00fcrden wir uns freuen. <strong>Wir werden diese Rubrik deshalb st\u00e4ndig erweitern<\/strong>. <strong><span style=\"color: #0000ff;\"><span style=\"color: #ff6600;\">Schauen Sie doch einfach ab und zu wieder einmal hier vorbei!<\/span><\/span><\/strong><\/p>\n<p><a title=\"Ausflugstipps 1\" href=\"http:\/\/www.hallo-felix.de\/wp\/?p=222\">Ausflugstipps Teil 1<\/a><br \/>\n<a title=\"Weihnachtsland Erzgebirge\" href=\"http:\/\/www.hallo-felix.de\/wp\/?p=218\">Weihnachtsland Erzgebirge<\/a><br \/>\n<a title=\"Termine\" href=\"http:\/\/www.hallo-felix.de\/wp\/?page_id=335\">Veranstaltungstermine<\/a><\/p>\n<p><strong><span style=\"color: #0000ff;\"><span style=\"color: #ff6600;\"><a href=\"http:\/\/www.hallo-felix.de\/wp\/wp-content\/uploads\/2011\/12\/CIMG0899.jpg\"><img loading=\"lazy\" decoding=\"async\" class=\"aligncenter size-large wp-image-773\" title=\"CIMG0899\" src=\"http:\/\/www.hallo-felix.de\/wp\/wp-content\/uploads\/2011\/12\/CIMG0899-1024x768.jpg\" alt=\"\" width=\"640\" height=\"480\" srcset=\"http:\/\/www.hallo-felix.de\/wp\/wp-content\/uploads\/2011\/12\/CIMG0899-1024x768.jpg 1024w, http:\/\/www.hallo-felix.de\/wp\/wp-content\/uploads\/2011\/12\/CIMG0899-300x225.jpg 300w, http:\/\/www.hallo-felix.de\/wp\/wp-content\/uploads\/2011\/12\/CIMG0899.jpg 1600w\" sizes=\"auto, (max-width: 640px) 100vw, 640px\" \/><\/a><\/span><\/span><\/strong><\/p>\n<h6>Copyright \u00a9 Dezember 2011 by Stella<\/h6>\n<p style=\"text-align: center;\"><strong>&#8212;&#8212;&#8212;&#8212;&#8212;&#8212;&#8212;&#8212;&#8212;&#8212;&#8212;&#8212;&#8212;&#8212;&#8212;&#8212;&#8212;&#8212;&#8212;&#8212;&#8212;&#8212;&#8212;&#8212;&#8212;&#8212;&#8212;&#8212;&#8212;<\/strong><\/p>\n<p style=\"text-align: center;\"><strong>Haus Felix<\/strong><strong><br \/>\n<\/strong>Ferienwohnungen &#8211; G\u00e4stezimmer<br \/>\nHartensteiner Str. 62, 09376 Oelsnitz\/Erzgeb. OT Neuw\u00fcrschnitz<br \/>\n<span style=\"text-decoration: underline;\">Tel:<\/span> <strong>0151 &#8211; 211 40531 \u00a0\u00a0 \/ <\/strong><span style=\"text-decoration: underline;\">E-Mail:<\/span> <strong>info@hallo-felix.de<br \/>\n<\/strong>Ihr Ansprechpartner: Birgit Richter<\/p>\n","protected":false},"excerpt":{"rendered":"<p>Eine Auswahl an Veranstaltungsterminen finden Sie demn\u00e4chst \u00bb\u00bb hier unsere Ausflugstipps Teil\u00a0 1 \u00bb\u00bb hier mehr zum Weihnachtsland Erzgebirge \u00bb\u00bb hier Von Haus Felix aus sind eine Vielzahl sehenswerter Ausflugsziele sehr gut zu erreichen. In den Unterseiten der Rubrik \u201eAusfl\u00fcge\u201c und auf dem Blog unserer Startseite m\u00f6chten wir Ihnen deshalb &#8230; <a class=\"continue-reading-link\" href=\"http:\/\/www.hallo-felix.de\/wp\/?page_id=314\"> Continue reading<\/a><\/p>\n","protected":false},"author":2,"featured_media":0,"parent":0,"menu_order":7,"comment_status":"closed","ping_status":"closed","template":"onecolumn-page.php","meta":{"footnotes":""},"class_list":["post-314","page","type-page","status-publish","hentry"],"_links":{"self":[{"href":"http:\/\/www.hallo-felix.de\/wp\/index.php?rest_route=\/wp\/v2\/pages\/314","targetHints":{"allow":["GET"]}}],"collection":[{"href":"http:\/\/www.hallo-felix.de\/wp\/index.php?rest_route=\/wp\/v2\/pages"}],"about":[{"href":"http:\/\/www.hallo-felix.de\/wp\/index.php?rest_route=\/wp\/v2\/types\/page"}],"author":[{"embeddable":true,"href":"http:\/\/www.hallo-felix.de\/wp\/index.php?rest_route=\/wp\/v2\/users\/2"}],"replies":[{"embeddable":true,"href":"http:\/\/www.hallo-felix.de\/wp\/index.php?rest_route=%2Fwp%2Fv2%2Fcomments&post=314"}],"version-history":[{"count":15,"href":"http:\/\/www.hallo-felix.de\/wp\/index.php?rest_route=\/wp\/v2\/pages\/314\/revisions"}],"predecessor-version":[{"id":2022,"href":"http:\/\/www.hallo-felix.de\/wp\/index.php?rest_route=\/wp\/v2\/pages\/314\/revisions\/2022"}],"wp:attachment":[{"href":"http:\/\/www.hallo-felix.de\/wp\/index.php?rest_route=%2Fwp%2Fv2%2Fmedia&parent=314"}],"curies":[{"name":"wp","href":"https:\/\/api.w.org\/{rel}","templated":true}]}}