{"id":73,"date":"2011-08-23T10:35:04","date_gmt":"2011-08-23T09:35:04","guid":{"rendered":"http:\/\/www.hallo-felix.de\/wp\/?page_id=73"},"modified":"2024-05-13T08:49:30","modified_gmt":"2024-05-13T07:49:30","slug":"service","status":"publish","type":"page","link":"http:\/\/www.hallo-felix.de\/wp\/?page_id=73","title":{"rendered":"Service \/ Leistungen"},"content":{"rendered":"<ul>\n<li style=\"padding-left: 30px;\"><strong>Ferienwohnungen, Monteurwohnungen, G\u00e4stezimmer:<\/strong> direkt vom Eigent\u00fcmer, ohne Vermittlungsgeb\u00fchren<\/li>\n<li style=\"padding-left: 30px;\"><strong>inkl. Energiekosten und Vollausstattung: <\/strong><br \/>\nDazu geh\u00f6ren in unseren Ferienwohnungen auch<br \/>\n&#8211; Herd mit Backofen<br \/>\n&#8211; Microwelle<br \/>\n&#8211; Kaffeemaschine<br \/>\n&#8211; Toaster<br \/>\n&#8211; Wasserkocher<br \/>\nsowie<br \/>\n&#8211; Bettw\u00e4sche<br \/>\n&#8211; Handt\u00fccher<br \/>\n&#8211; Geschirrt\u00fccher<br \/>\n&#8211; T\u00f6pfe und Geschirr<\/li>\n<li style=\"padding-left: 30px;\"><a name=\"more-6781\"><\/a> Im Erdgeschoss befinden sich <a title=\"Treffpunkt Gemeinschaftsraum\" href=\"http:\/\/www.hallo-felix.de\/wp\/?p=678\"><strong>Gemeinschaftsr\u00e4ume<\/strong><\/a>, die von allen unseren G\u00e4sten genutzt werden k\u00f6nnen: eine gro\u00dfe <strong>vollausgestattete<\/strong><strong> Gemeinschaftsk\u00fcche <\/strong>und daran angrenzender <strong>Aufenthaltsraum <\/strong>mit Fernseher, Tischen, St\u00fchlen und einer gem\u00fctlichen Polsterecke<\/li>\n<li style=\"padding-left: 30px;\"><strong><strong>Internet \/ W-Lan<\/strong><\/strong><\/li>\n<li style=\"padding-left: 30px;\"><strong>Sat-TV<\/strong><\/li>\n<li style=\"padding-left: 30px;\"><strong>\u00dcberdachte Gartenterrasse am Bachlauf:<\/strong> Nat\u00fcrlich darf auch gegrillt werden!<\/li>\n<li style=\"padding-left: 30px;\"><strong>Gartennutzung<\/strong><\/li>\n<li style=\"padding-left: 30px;\"><strong>Stellpl\u00e4tze und Carport<\/strong> vorhanden<\/li>\n<li style=\"padding-left: 30px;\"><strong>Fahrr\u00e4der und Motorr\u00e4der:<\/strong> Es steht kostenfrei eine abschlie\u00dfbare Unterstellm\u00f6glichkeit zur Verf\u00fcgung. <em><strong>Biker welcome!<\/strong><\/em><\/li>\n<\/ul>\n<ul>\n<li><span style=\"text-decoration: underline;\"><strong>Anreise: <\/strong><\/span>ab 15:00 Uhr <em>(fr\u00fchere Anreise ist nach Absprache m\u00f6glich)<\/em><\/li>\n<li><span style=\"text-decoration: underline;\"><strong>Abreise:<\/strong><\/span> bis 11:00 Uhr <em>(sp\u00e4tere Abreise ist nach Absprache m\u00f6glich)<\/em><\/li>\n<\/ul>\n<p>&nbsp;<\/p>\n<p style=\"text-align: center;\"><strong>&#8212;&#8212;&#8212;&#8212;&#8212;&#8212;&#8212;&#8212;&#8212;&#8212;&#8212;&#8212;&#8212;&#8212;&#8212;&#8212;&#8212;&#8212;&#8212;&#8212;&#8212;&#8212;&#8212;&#8212;&#8212;&#8212;&#8212;&#8212;&#8212;<\/strong><\/p>\n<p style=\"text-align: center;\"><strong>Haus Felix<\/strong><strong><br \/>\n<\/strong>Ferienwohnungen &#8211; G\u00e4stezimmer<br \/>\nHartensteiner Str. 62, 09376 Oelsnitz\/Erzgeb. OT Neuw\u00fcrschnitz<br \/>\n<span style=\"text-decoration: underline;\">Tel:<\/span> <strong>0151 &#8211; 211 40531 \u00a0\u00a0 \/ <\/strong><span style=\"text-decoration: underline;\">E-Mail:<\/span> <strong>info@hallo-felix.de<br \/>\n<\/strong>Ihr Ansprechpartner: Birgit Richter<\/p>\n<p style=\"text-align: center;\"><span id=\"result_box\" class=\"short_text\" lang=\"sk\"><span class=\"\">Rooms for mechanics! &#8211; Dla monter\u00f3w: pokoje i apartamenty!\u00a0 &#8211; Pro mont\u00e9ry: pokoje a apartm\u00e1ny! &#8211; Pre mont\u00e9rov: izby a byty!<\/span><\/span><\/p>\n","protected":false},"excerpt":{"rendered":"<p>Ferienwohnungen, Monteurwohnungen, G\u00e4stezimmer: direkt vom Eigent\u00fcmer, ohne Vermittlungsgeb\u00fchren inkl. Energiekosten und Vollausstattung: Dazu geh\u00f6ren in unseren Ferienwohnungen auch &#8211; Herd mit Backofen &#8211; Microwelle &#8211; Kaffeemaschine &#8211; Toaster &#8211; Wasserkocher sowie &#8211; Bettw\u00e4sche &#8211; Handt\u00fccher &#8211; Geschirrt\u00fccher &#8211; T\u00f6pfe und Geschirr Im Erdgeschoss befinden sich Gemeinschaftsr\u00e4ume, die von allen unseren &#8230; <a class=\"continue-reading-link\" href=\"http:\/\/www.hallo-felix.de\/wp\/?page_id=73\"> Continue reading<\/a><\/p>\n","protected":false},"author":2,"featured_media":0,"parent":275,"menu_order":3,"comment_status":"closed","ping_status":"open","template":"onecolumn-page.php","meta":{"footnotes":""},"class_list":["post-73","page","type-page","status-publish","hentry"],"_links":{"self":[{"href":"http:\/\/www.hallo-felix.de\/wp\/index.php?rest_route=\/wp\/v2\/pages\/73","targetHints":{"allow":["GET"]}}],"collection":[{"href":"http:\/\/www.hallo-felix.de\/wp\/index.php?rest_route=\/wp\/v2\/pages"}],"about":[{"href":"http:\/\/www.hallo-felix.de\/wp\/index.php?rest_route=\/wp\/v2\/types\/page"}],"author":[{"embeddable":true,"href":"http:\/\/www.hallo-felix.de\/wp\/index.php?rest_route=\/wp\/v2\/users\/2"}],"replies":[{"embeddable":true,"href":"http:\/\/www.hallo-felix.de\/wp\/index.php?rest_route=%2Fwp%2Fv2%2Fcomments&post=73"}],"version-history":[{"count":22,"href":"http:\/\/www.hallo-felix.de\/wp\/index.php?rest_route=\/wp\/v2\/pages\/73\/revisions"}],"predecessor-version":[{"id":2610,"href":"http:\/\/www.hallo-felix.de\/wp\/index.php?rest_route=\/wp\/v2\/pages\/73\/revisions\/2610"}],"up":[{"embeddable":true,"href":"http:\/\/www.hallo-felix.de\/wp\/index.php?rest_route=\/wp\/v2\/pages\/275"}],"wp:attachment":[{"href":"http:\/\/www.hallo-felix.de\/wp\/index.php?rest_route=%2Fwp%2Fv2%2Fmedia&parent=73"}],"curies":[{"name":"wp","href":"https:\/\/api.w.org\/{rel}","templated":true}]}}